{"id":68,"date":"2016-02-09T13:13:59","date_gmt":"2016-02-09T12:13:59","guid":{"rendered":"http:\/\/www.mv-kollmitzberg.at\/neu\/?page_id=68"},"modified":"2024-11-30T14:02:11","modified_gmt":"2024-11-30T13:02:11","slug":"impressum","status":"publish","type":"page","link":"https:\/\/www.mv-kollmitzberg.at\/neu\/impressum\/","title":{"rendered":"Impressum"},"content":{"rendered":"<div class=\"csc-header csc-header-n1\">\n<h3 class=\"csc-firstHeader\">Musikverein Kollmitzberg<\/h3>\n<\/div>\n<div>\n<p class=\"bodytext\">Kollmitzberg 7<br \/>\n3321 Kollmitzberg<br \/>\nObmann: Ing. Martin Asanger, BA<br \/>\nTel.: 0664\/5463780<br \/>\nE-Mail: martin.asanger@outlook.com<br \/>\nInternet: www.mv-kollmitzberg.at<br \/>\nZVR-Nr.: 439750014<\/p>\n<p class=\"bodytext\">\n<\/div>\n<div>\n<h3>Wartung &amp; Fotos:<\/h3>\n<p class=\"bodytext\">Peter Pressl<\/p>\n<p class=\"bodytext\">\n<\/div>\n<div><\/div>\n<div>\n<h3>Haftungshinweis<\/h3>\n<\/div>\n<div>\n<p class=\"bodytext\">Trotz sorgf\u00e4ltiger inhaltlicher Kontrolle \u00fcbernehmen wir keine Haftung f\u00fcr die Inhalte externer Links. F\u00fcr den Inhalt der verlinkten Seiten ist ausschlie\u00dflich deren Betreiber verantwortlich.<\/p>\n<\/div>\n","protected":false},"excerpt":{"rendered":"<p>Musikverein Kollmitzberg Kollmitzberg 7 3321 Kollmitzberg Obmann: Ing. Martin Asanger, BA Tel.: 0664\/5463780 E-Mail: martin.asanger@outlook.com Internet: www.mv-kollmitzberg.at ZVR-Nr.: 439750014 Wartung &amp; Fotos: Peter Pressl Haftungshinweis Trotz sorgf\u00e4ltiger inhaltlicher Kontrolle \u00fcbernehmen <a href=\"https:\/\/www.mv-kollmitzberg.at\/neu\/impressum\/\" rel=\"nofollow\"><span class=\"sr-only\">Read more about Impressum<\/span>[&hellip;]<\/a><\/p>\n","protected":false},"author":4,"featured_media":0,"parent":0,"menu_order":0,"comment_status":"closed","ping_status":"closed","template":"","meta":{"footnotes":""},"_links":{"self":[{"href":"https:\/\/www.mv-kollmitzberg.at\/neu\/wp-json\/wp\/v2\/pages\/68"}],"collection":[{"href":"https:\/\/www.mv-kollmitzberg.at\/neu\/wp-json\/wp\/v2\/pages"}],"about":[{"href":"https:\/\/www.mv-kollmitzberg.at\/neu\/wp-json\/wp\/v2\/types\/page"}],"author":[{"embeddable":true,"href":"https:\/\/www.mv-kollmitzberg.at\/neu\/wp-json\/wp\/v2\/users\/4"}],"replies":[{"embeddable":true,"href":"https:\/\/www.mv-kollmitzberg.at\/neu\/wp-json\/wp\/v2\/comments?post=68"}],"version-history":[{"count":7,"href":"https:\/\/www.mv-kollmitzberg.at\/neu\/wp-json\/wp\/v2\/pages\/68\/revisions"}],"predecessor-version":[{"id":3260,"href":"https:\/\/www.mv-kollmitzberg.at\/neu\/wp-json\/wp\/v2\/pages\/68\/revisions\/3260"}],"wp:attachment":[{"href":"https:\/\/www.mv-kollmitzberg.at\/neu\/wp-json\/wp\/v2\/media?parent=68"}],"curies":[{"name":"wp","href":"https:\/\/api.w.org\/{rel}","templated":true}]}}