{"id":328,"date":"2016-03-12T13:30:14","date_gmt":"2016-03-12T12:30:14","guid":{"rendered":"http:\/\/www.mv-kollmitzberg.at\/neu\/?page_id=328"},"modified":"2018-02-07T20:57:52","modified_gmt":"2018-02-07T19:57:52","slug":"musikerinnen","status":"publish","type":"page","link":"https:\/\/www.mv-kollmitzberg.at\/neu\/kapelle\/musikerinnen\/","title":{"rendered":"Musiker\/Innen"},"content":{"rendered":"<h4 style=\"text-align: center;\">Musikalische Leitung<\/h4>\n<div id=\"attachment_864\" style=\"width: 650px\" class=\"wp-caption aligncenter\"><a href=\"https:\/\/www.mv-kollmitzberg.at\/neu\/wp-content\/uploads\/2016\/03\/Musikalische-Leitung-2017.jpg\" rel=\"attachment wp-att-864\" data-rel=\"lightbox-image-0\" data-rl_title=\"\" data-rl_caption=\"\" title=\"\"><img loading=\"lazy\" decoding=\"async\" aria-describedby=\"caption-attachment-864\" class=\"wp-image-864 size-large\" src=\"https:\/\/www.mv-kollmitzberg.at\/neu\/wp-content\/uploads\/2016\/03\/Musikalische-Leitung-2017-1024x577.jpg\" alt=\"Musikalische Leitung\" width=\"640\" height=\"361\" srcset=\"https:\/\/www.mv-kollmitzberg.at\/neu\/wp-content\/uploads\/2016\/03\/Musikalische-Leitung-2017-1024x577.jpg 1024w, https:\/\/www.mv-kollmitzberg.at\/neu\/wp-content\/uploads\/2016\/03\/Musikalische-Leitung-2017-300x169.jpg 300w, https:\/\/www.mv-kollmitzberg.at\/neu\/wp-content\/uploads\/2016\/03\/Musikalische-Leitung-2017-768x433.jpg 768w\" sizes=\"(max-width: 640px) 100vw, 640px\" \/><\/a><p id=\"caption-attachment-864\" class=\"wp-caption-text\">v.l.n.r.: Kpm.-Stv. Konrad Gindl, Kpm. Hubert Fertl, Kpm.-Stv. Christian Huber<\/p><\/div>\n<h4 style=\"text-align: center;\">Stabf\u00fchrer<\/h4>\n<div id=\"attachment_551\" style=\"width: 650px\" class=\"wp-caption aligncenter\"><a href=\"https:\/\/www.mv-kollmitzberg.at\/neu\/wp-content\/uploads\/2016\/03\/DSC_4421.jpg\" rel=\"attachment wp-att-551\" data-rel=\"lightbox-image-1\" data-rl_title=\"\" data-rl_caption=\"\" title=\"\"><img loading=\"lazy\" decoding=\"async\" aria-describedby=\"caption-attachment-551\" class=\"wp-image-551 size-large\" src=\"https:\/\/www.mv-kollmitzberg.at\/neu\/wp-content\/uploads\/2016\/03\/DSC_4421-1024x684.jpg\" alt=\"v.l.n.r.: Regina Gruber, Angela K\u00e4ferb\u00f6ck, Reinhard Ebner, Anna Schweighofer, Julia Strobl\" width=\"640\" height=\"428\" srcset=\"https:\/\/www.mv-kollmitzberg.at\/neu\/wp-content\/uploads\/2016\/03\/DSC_4421-1024x684.jpg 1024w, https:\/\/www.mv-kollmitzberg.at\/neu\/wp-content\/uploads\/2016\/03\/DSC_4421-300x200.jpg 300w, https:\/\/www.mv-kollmitzberg.at\/neu\/wp-content\/uploads\/2016\/03\/DSC_4421-768x513.jpg 768w, https:\/\/www.mv-kollmitzberg.at\/neu\/wp-content\/uploads\/2016\/03\/DSC_4421-750x500.jpg 750w\" sizes=\"(max-width: 640px) 100vw, 640px\" \/><\/a><p id=\"caption-attachment-551\" class=\"wp-caption-text\">v.l.n.r.: Regina Gruber, Angela K\u00e4ferb\u00f6ck, Reinhard Ebner, Anna Schweighofer, Julia Strobl<\/p><\/div>\n<h4 style=\"text-align: center;\">Fl\u00f6te<\/h4>\n<div id=\"attachment_363\" style=\"width: 650px\" class=\"wp-caption aligncenter\"><a href=\"https:\/\/www.mv-kollmitzberg.at\/neu\/wp-content\/uploads\/2016\/04\/DSC_3770.jpg\" rel=\"attachment wp-att-363\" data-rel=\"lightbox-image-2\" data-rl_title=\"\" data-rl_caption=\"\" title=\"\"><img loading=\"lazy\" decoding=\"async\" aria-describedby=\"caption-attachment-363\" class=\"wp-image-363 size-large\" src=\"https:\/\/www.mv-kollmitzberg.at\/neu\/wp-content\/uploads\/2016\/04\/DSC_3770-1024x684.jpg\" alt=\"DSC_3770\" width=\"640\" height=\"428\" srcset=\"https:\/\/www.mv-kollmitzberg.at\/neu\/wp-content\/uploads\/2016\/04\/DSC_3770-1024x684.jpg 1024w, https:\/\/www.mv-kollmitzberg.at\/neu\/wp-content\/uploads\/2016\/04\/DSC_3770-300x200.jpg 300w, https:\/\/www.mv-kollmitzberg.at\/neu\/wp-content\/uploads\/2016\/04\/DSC_3770-768x513.jpg 768w, https:\/\/www.mv-kollmitzberg.at\/neu\/wp-content\/uploads\/2016\/04\/DSC_3770-750x500.jpg 750w\" sizes=\"(max-width: 640px) 100vw, 640px\" \/><\/a><p id=\"caption-attachment-363\" class=\"wp-caption-text\">v.l.n.r.: Magdalena Naderer, Lisa Bicker, Verena Gruber, Stefanie Menk, Sophie Schwarz, Claudia K\u00e4ferb\u00f6ck<\/p><\/div>\n<h4 style=\"text-align: center;\">Klarinette &amp; Oboe<\/h4>\n<div id=\"attachment_371\" style=\"width: 650px\" class=\"wp-caption aligncenter\"><a href=\"https:\/\/www.mv-kollmitzberg.at\/neu\/wp-content\/uploads\/2016\/04\/DSC_3807.jpg\" rel=\"attachment wp-att-371\" data-rel=\"lightbox-image-3\" data-rl_title=\"\" data-rl_caption=\"\" title=\"\"><img loading=\"lazy\" decoding=\"async\" aria-describedby=\"caption-attachment-371\" class=\"wp-image-371 size-large\" src=\"https:\/\/www.mv-kollmitzberg.at\/neu\/wp-content\/uploads\/2016\/04\/DSC_3807-1024x684.jpg\" alt=\"DSC_3807\" width=\"640\" height=\"428\" srcset=\"https:\/\/www.mv-kollmitzberg.at\/neu\/wp-content\/uploads\/2016\/04\/DSC_3807-1024x684.jpg 1024w, https:\/\/www.mv-kollmitzberg.at\/neu\/wp-content\/uploads\/2016\/04\/DSC_3807-300x200.jpg 300w, https:\/\/www.mv-kollmitzberg.at\/neu\/wp-content\/uploads\/2016\/04\/DSC_3807-768x513.jpg 768w, https:\/\/www.mv-kollmitzberg.at\/neu\/wp-content\/uploads\/2016\/04\/DSC_3807-750x500.jpg 750w\" sizes=\"(max-width: 640px) 100vw, 640px\" \/><\/a><p id=\"caption-attachment-371\" class=\"wp-caption-text\">v.l.n.r.: Mag. Josef Breinesl, Sonja Steiner, Melanie Huber, Hanna Mayerhofer, Lisa K\u00e4ferb\u00f6ck, Leonie Brandst\u00f6tter, Renate Fertl, Anika Ebner, Margit Waser, Petra Kropfreiter | nicht am Bild: Margarita Amon, MA und Mag. Maria Artner, Regina H\u00f6lzl, Sabrina Rusa, Verena Teufel<\/p><\/div>\n<h4 style=\"text-align: center;\">Saxophon &amp; Fagott<\/h4>\n<div id=\"attachment_365\" style=\"width: 650px\" class=\"wp-caption aligncenter\"><a href=\"https:\/\/www.mv-kollmitzberg.at\/neu\/wp-content\/uploads\/2016\/04\/DSC_3838.jpg\" rel=\"attachment wp-att-365\" data-rel=\"lightbox-image-4\" data-rl_title=\"\" data-rl_caption=\"\" title=\"\"><img loading=\"lazy\" decoding=\"async\" aria-describedby=\"caption-attachment-365\" class=\"wp-image-365 size-large\" src=\"https:\/\/www.mv-kollmitzberg.at\/neu\/wp-content\/uploads\/2016\/04\/DSC_3838-1024x684.jpg\" alt=\"DSC_3838\" width=\"640\" height=\"428\" srcset=\"https:\/\/www.mv-kollmitzberg.at\/neu\/wp-content\/uploads\/2016\/04\/DSC_3838-1024x684.jpg 1024w, https:\/\/www.mv-kollmitzberg.at\/neu\/wp-content\/uploads\/2016\/04\/DSC_3838-300x200.jpg 300w, https:\/\/www.mv-kollmitzberg.at\/neu\/wp-content\/uploads\/2016\/04\/DSC_3838-768x513.jpg 768w, https:\/\/www.mv-kollmitzberg.at\/neu\/wp-content\/uploads\/2016\/04\/DSC_3838-750x500.jpg 750w\" sizes=\"(max-width: 640px) 100vw, 640px\" \/><\/a><p id=\"caption-attachment-365\" class=\"wp-caption-text\">v.l.n.r.: Reinhard Ebner, Christian Hopf, Karin Steiner, Heidemarie Zehetner<\/p><\/div>\n<h4 style=\"text-align: center;\">Fl\u00fcgelhorn<\/h4>\n<div id=\"attachment_370\" style=\"width: 650px\" class=\"wp-caption aligncenter\"><a href=\"https:\/\/www.mv-kollmitzberg.at\/neu\/wp-content\/uploads\/2016\/04\/DSC_3910.jpg\" rel=\"attachment wp-att-370\" data-rel=\"lightbox-image-5\" data-rl_title=\"\" data-rl_caption=\"\" title=\"\"><img loading=\"lazy\" decoding=\"async\" aria-describedby=\"caption-attachment-370\" class=\"wp-image-370 size-large\" src=\"https:\/\/www.mv-kollmitzberg.at\/neu\/wp-content\/uploads\/2016\/04\/DSC_3910-1024x820.jpg\" alt=\"DSC_3910\" width=\"640\" height=\"513\" srcset=\"https:\/\/www.mv-kollmitzberg.at\/neu\/wp-content\/uploads\/2016\/04\/DSC_3910-1024x820.jpg 1024w, https:\/\/www.mv-kollmitzberg.at\/neu\/wp-content\/uploads\/2016\/04\/DSC_3910-300x240.jpg 300w, https:\/\/www.mv-kollmitzberg.at\/neu\/wp-content\/uploads\/2016\/04\/DSC_3910-768x615.jpg 768w\" sizes=\"(max-width: 640px) 100vw, 640px\" \/><\/a><p id=\"caption-attachment-370\" class=\"wp-caption-text\">1. Reihe v.l.n.r.: David Ebner, Lisa Mayerhofer 2. Reihe v.l.n.r.: Mag. Georg Gassner, Gottfried Bauer 3. Reihe v.l.n.r.: Robert Rafetseder, Gerhard Weichinger<\/p><\/div>\n<h4 style=\"text-align: center;\">Trompete<\/h4>\n<div id=\"attachment_366\" style=\"width: 650px\" class=\"wp-caption aligncenter\"><a href=\"https:\/\/www.mv-kollmitzberg.at\/neu\/wp-content\/uploads\/2016\/04\/DSC_3865.jpg\" rel=\"attachment wp-att-366\" data-rel=\"lightbox-image-6\" data-rl_title=\"\" data-rl_caption=\"\" title=\"\"><img loading=\"lazy\" decoding=\"async\" aria-describedby=\"caption-attachment-366\" class=\"wp-image-366 size-large\" src=\"https:\/\/www.mv-kollmitzberg.at\/neu\/wp-content\/uploads\/2016\/04\/DSC_3865-1024x684.jpg\" alt=\"DSC_3865\" width=\"640\" height=\"428\" srcset=\"https:\/\/www.mv-kollmitzberg.at\/neu\/wp-content\/uploads\/2016\/04\/DSC_3865-1024x684.jpg 1024w, https:\/\/www.mv-kollmitzberg.at\/neu\/wp-content\/uploads\/2016\/04\/DSC_3865-300x200.jpg 300w, https:\/\/www.mv-kollmitzberg.at\/neu\/wp-content\/uploads\/2016\/04\/DSC_3865-768x513.jpg 768w, https:\/\/www.mv-kollmitzberg.at\/neu\/wp-content\/uploads\/2016\/04\/DSC_3865-750x500.jpg 750w\" sizes=\"(max-width: 640px) 100vw, 640px\" \/><\/a><p id=\"caption-attachment-366\" class=\"wp-caption-text\">v.l.n.r.: Lukas Hagler, Matthias Naderer, Richard Langeder, Konrad Gindl, Thomas Fischer, Daniel Feigl<\/p><\/div>\n<h4 style=\"text-align: center;\">Tenorhorn &amp;\u00a0Bariton<\/h4>\n<div id=\"attachment_367\" style=\"width: 650px\" class=\"wp-caption aligncenter\"><a href=\"https:\/\/www.mv-kollmitzberg.at\/neu\/wp-content\/uploads\/2016\/04\/DSC_3872.jpg\" rel=\"attachment wp-att-367\" data-rel=\"lightbox-image-7\" data-rl_title=\"\" data-rl_caption=\"\" title=\"\"><img loading=\"lazy\" decoding=\"async\" aria-describedby=\"caption-attachment-367\" class=\"wp-image-367 size-large\" src=\"https:\/\/www.mv-kollmitzberg.at\/neu\/wp-content\/uploads\/2016\/04\/DSC_3872-1024x684.jpg\" alt=\"DSC_3872\" width=\"640\" height=\"428\" srcset=\"https:\/\/www.mv-kollmitzberg.at\/neu\/wp-content\/uploads\/2016\/04\/DSC_3872-1024x684.jpg 1024w, https:\/\/www.mv-kollmitzberg.at\/neu\/wp-content\/uploads\/2016\/04\/DSC_3872-300x200.jpg 300w, https:\/\/www.mv-kollmitzberg.at\/neu\/wp-content\/uploads\/2016\/04\/DSC_3872-768x513.jpg 768w, https:\/\/www.mv-kollmitzberg.at\/neu\/wp-content\/uploads\/2016\/04\/DSC_3872-750x500.jpg 750w\" sizes=\"(max-width: 640px) 100vw, 640px\" \/><\/a><p id=\"caption-attachment-367\" class=\"wp-caption-text\">v.l.n.r.: Sonja Amon, Martin Datzberger, Thomas Haag, Philipp Freynhofer, Andreas Fischer\/ nicht am Bild: Valentin Pressl<\/p><\/div>\n<h4 style=\"text-align: center;\">Horn<\/h4>\n<div id=\"attachment_383\" style=\"width: 650px\" class=\"wp-caption aligncenter\"><a href=\"https:\/\/www.mv-kollmitzberg.at\/neu\/wp-content\/uploads\/2016\/03\/DSC_3809.jpg\" rel=\"attachment wp-att-383\" data-rel=\"lightbox-image-8\" data-rl_title=\"\" data-rl_caption=\"\" title=\"\"><img loading=\"lazy\" decoding=\"async\" aria-describedby=\"caption-attachment-383\" class=\"wp-image-383 size-large\" src=\"https:\/\/www.mv-kollmitzberg.at\/neu\/wp-content\/uploads\/2016\/03\/DSC_3809-1024x684.jpg\" alt=\"Hornregister\" width=\"640\" height=\"428\" srcset=\"https:\/\/www.mv-kollmitzberg.at\/neu\/wp-content\/uploads\/2016\/03\/DSC_3809-1024x684.jpg 1024w, https:\/\/www.mv-kollmitzberg.at\/neu\/wp-content\/uploads\/2016\/03\/DSC_3809-300x200.jpg 300w, https:\/\/www.mv-kollmitzberg.at\/neu\/wp-content\/uploads\/2016\/03\/DSC_3809-768x513.jpg 768w, https:\/\/www.mv-kollmitzberg.at\/neu\/wp-content\/uploads\/2016\/03\/DSC_3809-750x500.jpg 750w\" sizes=\"(max-width: 640px) 100vw, 640px\" \/><\/a><p id=\"caption-attachment-383\" class=\"wp-caption-text\">v.l.n.r. Ing. Martin Asanger BA, Christian Huber, Matthias G\u00f6bl, Thomas Hagler<\/p><\/div>\n<h4 style=\"text-align: center;\">Posaune<\/h4>\n<div id=\"attachment_364\" style=\"width: 650px\" class=\"wp-caption aligncenter\"><a href=\"https:\/\/www.mv-kollmitzberg.at\/neu\/wp-content\/uploads\/2016\/04\/DSC_3828.jpg\" rel=\"attachment wp-att-364\" data-rel=\"lightbox-image-9\" data-rl_title=\"\" data-rl_caption=\"\" title=\"\"><img loading=\"lazy\" decoding=\"async\" aria-describedby=\"caption-attachment-364\" class=\"wp-image-364 size-large\" src=\"https:\/\/www.mv-kollmitzberg.at\/neu\/wp-content\/uploads\/2016\/04\/DSC_3828-1024x684.jpg\" alt=\"DSC_3828\" width=\"640\" height=\"428\" srcset=\"https:\/\/www.mv-kollmitzberg.at\/neu\/wp-content\/uploads\/2016\/04\/DSC_3828-1024x684.jpg 1024w, https:\/\/www.mv-kollmitzberg.at\/neu\/wp-content\/uploads\/2016\/04\/DSC_3828-300x200.jpg 300w, https:\/\/www.mv-kollmitzberg.at\/neu\/wp-content\/uploads\/2016\/04\/DSC_3828-768x513.jpg 768w, https:\/\/www.mv-kollmitzberg.at\/neu\/wp-content\/uploads\/2016\/04\/DSC_3828-750x500.jpg 750w\" sizes=\"(max-width: 640px) 100vw, 640px\" \/><\/a><p id=\"caption-attachment-364\" class=\"wp-caption-text\">v.l.n.r.: Roland Aiglinger, Peter Pressl, Marcel Stelzeneder, Peter Artner | nicht am Bild: Mag. Franz Lengsteiner, Martin K\u00e4ferb\u00f6ck<\/p><\/div>\n<h4 style=\"text-align: center;\">Tuba<\/h4>\n<div id=\"attachment_368\" style=\"width: 650px\" class=\"wp-caption aligncenter\"><a href=\"https:\/\/www.mv-kollmitzberg.at\/neu\/wp-content\/uploads\/2016\/04\/DSC_3884.jpg\" rel=\"attachment wp-att-368\" data-rel=\"lightbox-image-10\" data-rl_title=\"\" data-rl_caption=\"\" title=\"\"><img loading=\"lazy\" decoding=\"async\" aria-describedby=\"caption-attachment-368\" class=\"wp-image-368 size-large\" src=\"https:\/\/www.mv-kollmitzberg.at\/neu\/wp-content\/uploads\/2016\/04\/DSC_3884-1024x684.jpg\" alt=\"DSC_3884\" width=\"640\" height=\"428\" srcset=\"https:\/\/www.mv-kollmitzberg.at\/neu\/wp-content\/uploads\/2016\/04\/DSC_3884-1024x684.jpg 1024w, https:\/\/www.mv-kollmitzberg.at\/neu\/wp-content\/uploads\/2016\/04\/DSC_3884-300x200.jpg 300w, https:\/\/www.mv-kollmitzberg.at\/neu\/wp-content\/uploads\/2016\/04\/DSC_3884-768x513.jpg 768w, https:\/\/www.mv-kollmitzberg.at\/neu\/wp-content\/uploads\/2016\/04\/DSC_3884-750x500.jpg 750w\" sizes=\"(max-width: 640px) 100vw, 640px\" \/><\/a><p id=\"caption-attachment-368\" class=\"wp-caption-text\">v.l.n.r.: Thomas Huber, Gottfried Hei\u00df, Gerhard Bauer<\/p><\/div>\n<h4 style=\"text-align: center;\">Schlagwerk<\/h4>\n<div id=\"attachment_369\" style=\"width: 650px\" class=\"wp-caption aligncenter\"><a href=\"https:\/\/www.mv-kollmitzberg.at\/neu\/wp-content\/uploads\/2016\/04\/DSC_3895.jpg\" rel=\"attachment wp-att-369\" data-rel=\"lightbox-image-11\" data-rl_title=\"\" data-rl_caption=\"\" title=\"\"><img loading=\"lazy\" decoding=\"async\" aria-describedby=\"caption-attachment-369\" class=\"wp-image-369 size-large\" src=\"https:\/\/www.mv-kollmitzberg.at\/neu\/wp-content\/uploads\/2016\/04\/DSC_3895-1024x684.jpg\" alt=\"DSC_3895\" width=\"640\" height=\"428\" srcset=\"https:\/\/www.mv-kollmitzberg.at\/neu\/wp-content\/uploads\/2016\/04\/DSC_3895-1024x684.jpg 1024w, https:\/\/www.mv-kollmitzberg.at\/neu\/wp-content\/uploads\/2016\/04\/DSC_3895-300x200.jpg 300w, https:\/\/www.mv-kollmitzberg.at\/neu\/wp-content\/uploads\/2016\/04\/DSC_3895-768x513.jpg 768w, https:\/\/www.mv-kollmitzberg.at\/neu\/wp-content\/uploads\/2016\/04\/DSC_3895-750x500.jpg 750w\" sizes=\"(max-width: 640px) 100vw, 640px\" \/><\/a><p id=\"caption-attachment-369\" class=\"wp-caption-text\">v.l.n.r.: Peter Brandst\u00f6tter, Thomas K\u00e4ferb\u00f6ck, Jonathan Debrah, Johannes Breiteneder, Stephan Berger | Nicht am Bild: Daniel Brandstetter, Reinhard Mayrhofer, Lorenz Berger<\/p><\/div>\n<h4 style=\"text-align: center;\">Marketenderinnen<\/h4>\n<div id=\"attachment_552\" style=\"width: 650px\" class=\"wp-caption aligncenter\"><a href=\"https:\/\/www.mv-kollmitzberg.at\/neu\/wp-content\/uploads\/2016\/03\/DSC_4495.jpg\" rel=\"attachment wp-att-552\" data-rel=\"lightbox-image-12\" data-rl_title=\"\" data-rl_caption=\"\" title=\"\"><img loading=\"lazy\" decoding=\"async\" aria-describedby=\"caption-attachment-552\" class=\"size-large wp-image-552\" src=\"https:\/\/www.mv-kollmitzberg.at\/neu\/wp-content\/uploads\/2016\/03\/DSC_4495-1024x597.jpg\" alt=\"v.l.n.r.: Regina Gruber, Angela K\u00e4ferb\u00f6ck, Anna Schweighofer, Julia Strobl\" width=\"640\" height=\"373\" srcset=\"https:\/\/www.mv-kollmitzberg.at\/neu\/wp-content\/uploads\/2016\/03\/DSC_4495-1024x597.jpg 1024w, https:\/\/www.mv-kollmitzberg.at\/neu\/wp-content\/uploads\/2016\/03\/DSC_4495-300x175.jpg 300w, https:\/\/www.mv-kollmitzberg.at\/neu\/wp-content\/uploads\/2016\/03\/DSC_4495-768x448.jpg 768w\" sizes=\"(max-width: 640px) 100vw, 640px\" \/><\/a><p id=\"caption-attachment-552\" class=\"wp-caption-text\">v.l.n.r.: Regina Gruber, Angela K\u00e4ferb\u00f6ck, Anna Schweighofer, Julia Strobl | Nicht am Bild: Anita Hinterleitner, Marina Weingartner<\/p><\/div>\n","protected":false},"excerpt":{"rendered":"<p>Musikalische Leitung Stabf\u00fchrer Fl\u00f6te Klarinette &amp; Oboe Saxophon &amp; Fagott Fl\u00fcgelhorn Trompete Tenorhorn &amp;\u00a0Bariton Horn Posaune Tuba Schlagwerk Marketenderinnen<\/p>\n","protected":false},"author":4,"featured_media":0,"parent":20,"menu_order":0,"comment_status":"closed","ping_status":"closed","template":"template-fullwidth.php","meta":{"footnotes":""},"_links":{"self":[{"href":"https:\/\/www.mv-kollmitzberg.at\/neu\/wp-json\/wp\/v2\/pages\/328"}],"collection":[{"href":"https:\/\/www.mv-kollmitzberg.at\/neu\/wp-json\/wp\/v2\/pages"}],"about":[{"href":"https:\/\/www.mv-kollmitzberg.at\/neu\/wp-json\/wp\/v2\/types\/page"}],"author":[{"embeddable":true,"href":"https:\/\/www.mv-kollmitzberg.at\/neu\/wp-json\/wp\/v2\/users\/4"}],"replies":[{"embeddable":true,"href":"https:\/\/www.mv-kollmitzberg.at\/neu\/wp-json\/wp\/v2\/comments?post=328"}],"version-history":[{"count":22,"href":"https:\/\/www.mv-kollmitzberg.at\/neu\/wp-json\/wp\/v2\/pages\/328\/revisions"}],"predecessor-version":[{"id":1035,"href":"https:\/\/www.mv-kollmitzberg.at\/neu\/wp-json\/wp\/v2\/pages\/328\/revisions\/1035"}],"up":[{"embeddable":true,"href":"https:\/\/www.mv-kollmitzberg.at\/neu\/wp-json\/wp\/v2\/pages\/20"}],"wp:attachment":[{"href":"https:\/\/www.mv-kollmitzberg.at\/neu\/wp-json\/wp\/v2\/media?parent=328"}],"curies":[{"name":"wp","href":"https:\/\/api.w.org\/{rel}","templated":true}]}}