{"id":31,"date":"2016-02-09T11:34:33","date_gmt":"2016-02-09T10:34:33","guid":{"rendered":"http:\/\/www.mv-kollmitzberg.at\/neu\/?page_id=31"},"modified":"2024-11-30T13:23:14","modified_gmt":"2024-11-30T12:23:14","slug":"chronik","status":"publish","type":"page","link":"https:\/\/www.mv-kollmitzberg.at\/neu\/kapelle\/chronik\/","title":{"rendered":"Chronik"},"content":{"rendered":"<div id=\"c79\" class=\"csc-default\">\n<div class=\"csc-header csc-header-n1\">\n<h3 class=\"csc-firstHeader\">2019 &#8211;\u00a0Ehrenpreis der N\u00d6 Landeshauptfrau in BRONZE<\/h3>\n<p><a href=\"https:\/\/www.mv-kollmitzberg.at\/neu\/wp-content\/uploads\/2019\/06\/Ehrenpreisverleihung-in-Bronze-des-N\u00d6BV.jpg\" data-rel=\"lightbox-image-0\" data-rl_title=\"\" data-rl_caption=\"\" title=\"\"><img loading=\"lazy\" decoding=\"async\" class=\"alignleft wp-image-1609 size-medium\" src=\"https:\/\/www.mv-kollmitzberg.at\/neu\/wp-content\/uploads\/2019\/06\/Ehrenpreisverleihung-in-Bronze-des-N\u00d6BV-300x213.jpg\" alt=\"\" width=\"300\" height=\"213\" srcset=\"https:\/\/www.mv-kollmitzberg.at\/neu\/wp-content\/uploads\/2019\/06\/Ehrenpreisverleihung-in-Bronze-des-N\u00d6BV-300x213.jpg 300w, https:\/\/www.mv-kollmitzberg.at\/neu\/wp-content\/uploads\/2019\/06\/Ehrenpreisverleihung-in-Bronze-des-N\u00d6BV-768x545.jpg 768w, https:\/\/www.mv-kollmitzberg.at\/neu\/wp-content\/uploads\/2019\/06\/Ehrenpreisverleihung-in-Bronze-des-N\u00d6BV-1024x727.jpg 1024w\" sizes=\"(max-width: 300px) 100vw, 300px\" \/><\/a><\/p>\n<p class=\"csc-firstHeader\">Am 19.06.2019 haben wir den \u201eEhrenpreis der N\u00d6 Landeshauptfrau in BRONZE\u201c \u00fcberreicht bekommen. Diesen erh\u00e4lt man, wenn man seit dem 01.01.2014 mindestens 8-mal bei Konzert- und\/oder Marschmusikbewertungen angetreten ist. (Foto: Copyright: NLK Pfeiffer)<\/p>\n<p class=\"csc-firstHeader\"><em>Foto:\u00a0v.l.n.r.: N\u00d6BV-Landesobmann Dir. Peter H\u00f6ckner, Landeshauptfrau Mikl-Leitner, Obm. Martin Asanger, Kpm.-Stv. Christian Huber und Bgm. DI Johannes Pressl<\/em><\/p>\n<h3><\/h3>\n<h3 class=\"csc-firstHeader\">2013 &#8211; Ehrenpreis in Gold<\/h3>\n<\/div>\n<div class=\"csc-textpic csc-textpic-intext-right\">\n<div class=\"csc-textpic-imagewrap\">\n<div class=\"csc-textpic-image csc-textpic-last\"><\/div>\n<\/div>\n<div class=\"csc-textpic-text\">\n<p class=\"bodytext\">Im Juni 2013 erhielt der Musikverein Kollmitzberg den Ehrenpreis in Gold von Landeshauptmann Erwin Pr\u00f6ll.<\/p>\n<\/div>\n<\/div>\n<\/div>\n<div id=\"c49\" class=\"csc-default\">\n<div class=\"csc-header csc-header-n2\">\n<h3 style=\"clear: both;\">2011 &#8211; Goldene Dirigentennadel<\/h3>\n<\/div>\n<div class=\"csc-textpic csc-textpic-intext-right\">\n<div class=\"csc-textpic-imagewrap\">\n<div class=\"csc-textpic-image csc-textpic-last\"><img loading=\"lazy\" decoding=\"async\" class=\"alignleft\" src=\"https:\/\/www.mv-kollmitzberg.at\/neu\/wp-content\/uploads\/2022\/10\/2011_Dirigentennadel_Gold-scaled.jpg\" width=\"311\" height=\"233\" \/><\/div>\n<\/div>\n<div class=\"csc-textpic-text\">\n<p class=\"align-justify\">Kpm. Hubert Fertl erhielt f\u00fcr 9 ausgezeichnete Erfolge in Serie bei Konzertmusikbewertungen die Dirigentennadel in Gold des N\u00d6 Blasmusikverbandes.<\/p>\n<p class=\"align-justify\">\n<\/div>\n<\/div>\n<\/div>\n<div id=\"c47\" class=\"csc-default\">\n<div class=\"csc-header csc-header-n3\">\n<h3><\/h3>\n<h3><\/h3>\n<h3 style=\"clear: both;\">2009 &#8211; Ehrenpreis in Silber &#8211; Neuer Obmann<\/h3>\n<\/div>\n<div class=\"csc-textpic csc-textpic-intext-right\">\n<div class=\"csc-textpic-imagewrap\">\n<div class=\"csc-textpic-image csc-textpic-last\"><img loading=\"lazy\" decoding=\"async\" class=\"alignleft\" src=\"https:\/\/www.mv-kollmitzberg.at\/neu\/wp-content\/uploads\/2022\/10\/2009_Ehrenpreis-in-Silber_Kollmitzberg.jpg\" width=\"310\" height=\"220\" \/><\/div>\n<\/div>\n<div class=\"csc-textpic-text\">\n<p class=\"align-justify\">Der Musikverein Kollmitzberg erh\u00e4lt den Ehrenpreis in Silber von Landeshauptmann Erwin Pr\u00f6ll.<\/p>\n<p class=\"align-justify\">Franz Honeder \u00fcbernimmt das Amt des Obmannes von Franz Schmatz. Beim Fr\u00fchjahrskonzert 2009 wird Franz Schmatz zum Ehrenobmann ernannt.<\/p>\n<\/div>\n<\/div>\n<\/div>\n<div id=\"c46\" class=\"csc-default\">\n<div class=\"csc-header csc-header-n4\">\n<h3><\/h3>\n<h3 style=\"clear: both;\">2008 &#8211; Silberne Dirigentennadel<\/h3>\n<\/div>\n<p class=\"align-justify\">Am 17. Mai 2008 erhielt Kpm. Hubert Fertl f\u00fcr 6 ausgezeichnete Erfolge in Serie bei Konzertmusikbewertung die Dirigentennadel in Silber des N\u00d6 Blasmusikverbandes.<\/p>\n<\/div>\n<div id=\"c44\" class=\"csc-default\">\n<div class=\"csc-header csc-header-n5\">\n<h3 style=\"clear: both;\">2005 &#8211; Bronzene Dirigentennadel<\/h3>\n<\/div>\n<div class=\"csc-textpic csc-textpic-intext-right\">\n<div class=\"csc-textpic-imagewrap\">\n<div class=\"csc-textpic-image csc-textpic-last\"><img loading=\"lazy\" decoding=\"async\" class=\"alignleft\" src=\"https:\/\/www.mv-kollmitzberg.at\/neu\/wp-content\/uploads\/2022\/10\/2005_Dirigentennadel_Bronze.jpg\" width=\"310\" height=\"347\" \/><\/div>\n<\/div>\n<div class=\"csc-textpic-text\">\n<p class=\"align-justify\">Kpm. Hubert Fertl erhielt f\u00fcr 3 ausgezeichnete Erfolge in Serie bei Konzertmusikbewertung die Dirigentennadel in Bronze des N\u00d6 Blasmusikverbandes.<\/p>\n<\/div>\n<\/div>\n<\/div>\n<div id=\"c45\" class=\"csc-default\">\n<div class=\"csc-header csc-header-n6\">\n<h3><\/h3>\n<h3><\/h3>\n<h3><\/h3>\n<h3><\/h3>\n<h3><\/h3>\n<h3><\/h3>\n<h3 style=\"clear: both;\">2004 &#8211; Erneuerung der Tracht &#8211; Ehrenpreis in Bronze<\/h3>\n<\/div>\n<div class=\"csc-textpic csc-textpic-intext-right\">\n<div class=\"csc-textpic-imagewrap\">\n<div class=\"csc-textpic-image csc-textpic-last\"><img loading=\"lazy\" decoding=\"async\" class=\"alignleft\" src=\"https:\/\/www.mv-kollmitzberg.at\/neu\/wp-content\/uploads\/2022\/10\/2004_neue_Tracht.jpg\" width=\"310\" height=\"213\" \/><\/div>\n<\/div>\n<div class=\"csc-textpic-text\">\n<p class=\"bodytext\">Die neue Tracht wurde am 29. August 2004 anl\u00e4sslich des 15-Jahre-Jubil\u00e4ums des Musikvereines Kollmitzberg eingeweiht.<\/p>\n<p class=\"bodytext\">Der Musikverein Kollmitzberg erh\u00e4lt den Ehrenpreis in Bronze von Landeshauptmann Erwin Pr\u00f6ll.<\/p>\n<\/div>\n<\/div>\n<\/div>\n<div id=\"c43\" class=\"csc-default\">\n<div class=\"csc-header csc-header-n7\"><\/div>\n<p class=\"align-justify\">\n<\/div>\n<div id=\"c42\" class=\"csc-default\">\n<div class=\"csc-header csc-header-n8\">\n<h3><\/h3>\n<h3 style=\"clear: both;\">2001\u00a0&#8211; Neuer Kapellmeister<\/h3>\n<\/div>\n<p class=\"align-justify\">Hubert Fertl \u00fcbernimmt das Amt des Kapellmeisters von Kapellmeister Franz Freynhofer.<\/p>\n<\/div>\n<div id=\"c40\" class=\"csc-default\">\n<div class=\"csc-header csc-header-n9\">\n<h3 style=\"clear: both;\">1999 &#8211; Er\u00f6ffnung &#8222;Haus der Musik&#8220; &#8211; Silberne Dirigentennadel<\/h3>\n<\/div>\n<div class=\"csc-textpic csc-textpic-intext-right\">\n<div class=\"csc-textpic-imagewrap\">\n<div class=\"csc-textpic-image csc-textpic-last\"><\/div>\n<\/div>\n<div class=\"csc-textpic-text\">\n<div class=\"csc-textpic-imagewrap\">\n<div class=\"csc-textpic-image csc-textpic-last\"><\/div>\n<\/div>\n<p class=\"align-justify\"><img loading=\"lazy\" decoding=\"async\" class=\"alignleft\" src=\"https:\/\/www.mv-kollmitzberg.at\/neu\/wp-content\/uploads\/2022\/10\/1999_MH-bei-Gruber.jpg\" width=\"310\" height=\"402\" \/>Fertigstellung und Er\u00f6ffnung des \u201eHaus der Musik\u201c nach 3-j\u00e4hriger Bauzeit.<\/p>\n<\/div>\n<\/div>\n<\/div>\n<div id=\"c41\" class=\"csc-default\">\n<div class=\"csc-textpic csc-textpic-intext-right\">\n<div class=\"csc-textpic-text\">\n<p class=\"align-justify\">Kpm. Franz Freynhofer erhielt f\u00fcr 6 ausgezeichnete Erfolge in Serie bei Konzertmusikbewertungen die silberne Dirigentennadel des N\u00d6 Blasmusikverbandes.<img loading=\"lazy\" decoding=\"async\" class=\" alignright\" src=\"https:\/\/www.mv-kollmitzberg.at\/neu\/wp-content\/uploads\/2022\/10\/1999_Musikheim.jpg\" width=\"310\" height=\"238\" \/><\/p>\n<\/div>\n<\/div>\n<\/div>\n<div id=\"c39\" class=\"csc-default\">\n<div class=\"csc-header csc-header-n11\">\n<h3><\/h3>\n<h3><\/h3>\n<h3><\/h3>\n<h3><\/h3>\n<h3><\/h3>\n<h3 style=\"clear: both;\">1997 &#8211; Neue Obm\u00e4nner<\/h3>\n<\/div>\n<div style=\"width: 195px\" class=\"wp-caption alignright\"><img loading=\"lazy\" decoding=\"async\" src=\"https:\/\/www.mv-kollmitzberg.at\/neu\/wp-content\/uploads\/2022\/10\/Gruber-Lois.jpg\" alt=\"\" width=\"185\" height=\"244\" \/><p class=\"wp-caption-text\">Alois Gruber<\/p><\/div>\n<div style=\"width: 320px\" class=\"wp-caption alignleft\"><img loading=\"lazy\" decoding=\"async\" src=\"https:\/\/www.mv-kollmitzberg.at\/neu\/wp-content\/uploads\/2022\/10\/Schmatz-02-Kopie.jpg\" alt=\"\" width=\"310\" height=\"413\" \/><p class=\"wp-caption-text\">Franz Schmatz<\/p><\/div>\n<p class=\"align-justify\">Franz Schmatz \u00fcbernimmt das Amt des Obmannes von Alois Gruber. Beim Fr\u00fchjahrskonzert 1997 wird Alois Gruber zum Ehrenobmann ernannt.<\/p>\n<\/div>\n<div id=\"c38\" class=\"csc-default\">\n<div class=\"csc-header csc-header-n12\">\n<h3 style=\"clear: both;\">1996 &#8211; Baubeginn &#8222;Haus der Musik&#8220; &#8211; Bronzene Dirigentennadel<\/h3>\n<\/div>\n<div class=\"csc-textpic csc-textpic-intext-right\">\n<div class=\"csc-textpic-imagewrap\">\n<div class=\"csc-textpic-image csc-textpic-last\"><img loading=\"lazy\" decoding=\"async\" class=\"alignleft\" src=\"https:\/\/www.mv-kollmitzberg.at\/neu\/wp-content\/uploads\/2022\/10\/1996_Baubeginn-MH.jpg\" width=\"310\" height=\"187\" \/><\/div>\n<\/div>\n<div class=\"csc-textpic-text\">\n<p class=\"align-justify\">Baubeginn f\u00fcr das neue \u201eHaus der Musik\u201c. 1996 wurde der Rohbau fertig gestellt. Juni 1997 folgte der Dachstuhl. 1998 folgte Estrich, Sanit\u00e4ranlagen, Fliesenarbeiten, Akustikdecke und Au\u00dfenfassade.<\/p>\n<p class=\"align-justify\">Kpm. Franz Freynhofer erhielt f\u00fcr 3 ausgezeichnete Erfolge in Serie bei Konzertmusikbewertung die bronzene Dirigentennadel des N\u00d6 Blasmusikverbandes.<\/p>\n<\/div>\n<\/div>\n<\/div>\n<div id=\"c34\" class=\"csc-default\">\n<div class=\"csc-header csc-header-n13\">\n<h3><\/h3>\n<h3 style=\"clear: both;\">1995 &#8211; Auftritte &#8211; Erster Musikausflug<\/h3>\n<\/div>\n<p class=\"align-justify\">1995 war die Musikkapelle Kollmitzberg als Vertreter des Mostviertels zum N\u00d6 Gemeindetag geladen und veranstaltete im <b>VAZ St. P\u00f6lten ein Platzkonzert<\/b>. Ebenfalls durften die Musiker bei der Er\u00f6ffnung des Urfahraner Marktes im Zuge der <b>Radiosendung &#8222;Volkst\u00fcmliche Hitparade&#8220;<\/b> mit Leo Walch mitwirken. Ein besonderer H\u00f6hepunkt war im Sommer 1995 der musikalische Auftritt in der <b>Fernsehreihe &#8222;Zwei in \u00d6sterreich&#8220;.<\/b><\/p>\n<p class=\"align-justify\">Seit 1995 ist der Musikverein beim <b>Kollmitzberger Kirtag<\/b> mit Speisen und Getr\u00e4nken<b> vertreten<\/b>, welcher j\u00e4hrlich in der dritten September-Woche stattfindet<\/p>\n<p class=\"align-justify\"><b>Erster Musikausflug<\/b> am 22. &amp; 23. September 1995 nach Kl\u00f6sterle in Vorarlberg<\/p>\n<\/div>\n<div id=\"c33\" class=\"csc-default\">\n<div class=\"csc-header csc-header-n14\">\n<h3 style=\"clear: both;\">1992 &#8211; Erste Tracht<\/h3>\n<\/div>\n<div class=\"csc-textpic csc-textpic-intext-right\">\n<div class=\"csc-textpic-imagewrap\">\n<div class=\"csc-textpic-image csc-textpic-last\"><img loading=\"lazy\" decoding=\"async\" class=\"alignleft \" src=\"https:\/\/www.mv-kollmitzberg.at\/neu\/wp-content\/uploads\/2022\/10\/1992-erste-Tracht.jpg\" width=\"310\" height=\"201\" \/><\/div>\n<\/div>\n<div class=\"csc-textpic-text\">\n<p class=\"align-justify\">Drei Jahre nach der Gr\u00fcndung der Musikkapelle gab es f\u00fcr die Musikanten die erste Tracht, welche bei einem dreit\u00e4gigen Fest im Sommer (03.-05. Juli 1992) eingeweiht wurde.<\/p>\n<\/div>\n<\/div>\n<\/div>\n<div id=\"c32\" class=\"csc-default\">\n<div class=\"csc-header csc-header-n15\">\n<h3><\/h3>\n<h3><\/h3>\n<h3><\/h3>\n<h3 style=\"clear: both;\">1991 &#8211; Musikverein tritt dem Blasmusikverband bei<\/h3>\n<\/div>\n<p class=\"bodytext\">Der Musikverein Kollmitzberg tritt dem Nieder\u00f6sterreichischen Blasmusikverband bei.<\/p>\n<\/div>\n<div id=\"c31\" class=\"csc-default\">\n<div class=\"csc-header csc-header-n16\">\n<h3 style=\"clear: both;\">1990 &#8211; Erstes Konzert &#8211; Er\u00f6ffnung Musikheim<\/h3>\n<\/div>\n<div class=\"csc-textpic csc-textpic-intext-right\">\n<div class=\"csc-textpic-imagewrap\">\n<div class=\"csc-textpic-image csc-textpic-last\"><span style=\"color: initial; font-size: revert;\">Im Dezember 1990 konnten die Jungmusiker ihr K\u00f6nnen beim ersten Konzert unter der Leitung von Kapellmeister Franz Freynhofer unter Beweis stellen.<\/span><\/div>\n<\/div>\n<div class=\"csc-textpic-text\">\n<p class=\"align-justify\">Das Musikheim wurde am 09. September 1990 im Haus Gruber er\u00f6ffnet. Der Verein bestand aus 12 aktiven Musikern und 35 Musiksch\u00fclern.<\/p>\n<\/div>\n<\/div>\n<\/div>\n<div id=\"c29\" class=\"csc-default\">\n<div class=\"csc-header csc-header-n17\">\n<h3 style=\"clear: both;\">1989 &#8211; Entstehung des Musikvereines Kollmitzberg:<\/h3>\n<\/div>\n<div class=\"csc-textpic csc-textpic-intext-right\">\n<div class=\"csc-textpic-imagewrap\">\n<div class=\"csc-textpic-image csc-textpic-last\"><\/div>\n<\/div>\n<div class=\"csc-textpic-text\">\n<p class=\"align-justify\"><img loading=\"lazy\" decoding=\"async\" class=\"alignleft \" src=\"https:\/\/www.mv-kollmitzberg.at\/neu\/wp-content\/uploads\/2022\/10\/1989_Gruendung.jpg\" width=\"310\" height=\"209\" \/>Vor der Gr\u00fcndung des Musikvereines Kollmitzberg gab es eine Spielgemeinschaft namens Musikkapelle Viehdorf &#8211; Kollmitzberg. Da 1989 keine aktiven Musiker bei diesem Verein t\u00e4tig waren, wurde der Name auf Musikkapelle Viehdorf umbenannt. Aus diesem Grund setzten sich am 17. August 1989 einige Kollmitzberger zusammen und machten sich Gedanken, wie eine eigene Kapelle gegr\u00fcndet werden k\u00f6nnte. Franz Freynhofer erkl\u00e4rte sich bereit die Kapelle zu leiten und den Nachwuchs auszubilden. Kapellmeister ist Franz Freynhofer, Obmann Alois Gruber, Schriftf\u00fchrer Josef Peham und Kassier Roman Eder. Zu diesem Zeitpunkt waren 12 aktive Musiker unter der Leitung von Kapellmeister Franz Freynhofer im Einsatz. Im Sommer 1989 fand eine Versammlung mit Eltern und Kinder der Kollmitzberger Bev\u00f6lkerung statt, um Instrumente vorzustellen. Nach diesem Treffen haben sich \u00fcber 30 Kinder entschlossen, ein Blasmusikinstrument zu erlernen. Dies war der Startschuss f\u00fcr die Jugendmusikkapelle Kollmitzberg.<\/p>\n<\/div>\n<\/div>\n<\/div>\n","protected":false},"excerpt":{"rendered":"<p>2019 &#8211;\u00a0Ehrenpreis der N\u00d6 Landeshauptfrau in BRONZE Am 19.06.2019 haben wir den \u201eEhrenpreis der N\u00d6 Landeshauptfrau in BRONZE\u201c \u00fcberreicht bekommen. Diesen erh\u00e4lt man, wenn man seit dem 01.01.2014 mindestens 8-mal <a href=\"https:\/\/www.mv-kollmitzberg.at\/neu\/kapelle\/chronik\/\" rel=\"nofollow\"><span class=\"sr-only\">Read more about Chronik<\/span>[&hellip;]<\/a><\/p>\n","protected":false},"author":4,"featured_media":0,"parent":20,"menu_order":0,"comment_status":"closed","ping_status":"closed","template":"template-fullwidth.php","meta":{"footnotes":""},"_links":{"self":[{"href":"https:\/\/www.mv-kollmitzberg.at\/neu\/wp-json\/wp\/v2\/pages\/31"}],"collection":[{"href":"https:\/\/www.mv-kollmitzberg.at\/neu\/wp-json\/wp\/v2\/pages"}],"about":[{"href":"https:\/\/www.mv-kollmitzberg.at\/neu\/wp-json\/wp\/v2\/types\/page"}],"author":[{"embeddable":true,"href":"https:\/\/www.mv-kollmitzberg.at\/neu\/wp-json\/wp\/v2\/users\/4"}],"replies":[{"embeddable":true,"href":"https:\/\/www.mv-kollmitzberg.at\/neu\/wp-json\/wp\/v2\/comments?post=31"}],"version-history":[{"count":16,"href":"https:\/\/www.mv-kollmitzberg.at\/neu\/wp-json\/wp\/v2\/pages\/31\/revisions"}],"predecessor-version":[{"id":1909,"href":"https:\/\/www.mv-kollmitzberg.at\/neu\/wp-json\/wp\/v2\/pages\/31\/revisions\/1909"}],"up":[{"embeddable":true,"href":"https:\/\/www.mv-kollmitzberg.at\/neu\/wp-json\/wp\/v2\/pages\/20"}],"wp:attachment":[{"href":"https:\/\/www.mv-kollmitzberg.at\/neu\/wp-json\/wp\/v2\/media?parent=31"}],"curies":[{"name":"wp","href":"https:\/\/api.w.org\/{rel}","templated":true}]}}